{"id":7956,"date":"2014-07-04T10:06:07","date_gmt":"2014-07-04T10:06:07","guid":{"rendered":"http:\/\/lawyers-attorneys.vamtam.com\/?page_id=7956"},"modified":"2018-04-17T08:04:53","modified_gmt":"2018-04-17T08:04:53","slug":"areas-de-practica","status":"publish","type":"page","link":"https:\/\/roaruiz.com\/en\/areas-de-practica\/","title":{"rendered":"Practice Areas"},"content":{"rendered":"<div class=\"row\"><div class=\"wpv-grid grid-1-3  wpv-first-level first unextended animation-from-bottom animated-active\" style=\"padding-top:0px;padding-bottom:0px\" id=\"wpv-column-b1ad21c24eb8836730324a0fa74a1665\" ><div class=\"row\"><div class=\"wpv-grid grid-1-1  first unextended\" style=\"padding-top:0px;padding-bottom:0px\" id=\"wpv-column-fb4c9de3b86b058e0dccb4b08248c45a\" ><div class=\"services clearfix fullimage has-image has-icon no-button\" style=\"text-align:left;\">\r\n\t<div class=\"services-inside\">\r\n\t\t\t\t\t\t\t\t\t<div class=\"thumbnail\">\r\n\t\t\t\t\t\t\t\t\t\t\t\t\t\t\t\t\t\t<img width=\"54\" height=\"54\" src=\"https:\/\/roaruiz.com\/wp-content\/uploads\/2018\/03\/Derecho-Inmobiliario-e1522044152581.png\" class=\"attachment-full size-full\" alt=\"Derecho Inmobiliario\" loading=\"lazy\" \/>\t\t\t\t\t\t\t\t\t\t\t\t\t\t\t<\/div>\r\n\t\t\t\t\t\t\t\t\t<div class=\"sep-2\"><\/div>\r\n\t\t\t\t\t\t\t\t\t\t\t\t\t\t<h4 class=\"services-title\">\r\n\t\t\t\t\t\t\t\t\tReal State Law &amp; Urban Planning\t\t\t\t\t\t\t<\/h4>\r\n\t\t\t\t\t\t\t<div class=\"services-content\">\n<p class=\"p1\" style=\"text-align: justify;\"><span class=\"s1\"><\/p>\n<p>- Buying and selling of real estate and real estate companies.<br \/>\n- Urban and rustic leases.<br \/>\n- Horizontal property.<br \/>\n- Urban management and discipline.<br \/>\n- Licenses.<\/span><\/div>\r\n\t\t\t\t\t<\/div>\r\n<\/div>\r\n<\/div><\/div><\/div>\n<div class=\"wpv-grid grid-1-3  wpv-first-level unextended animation-from-bottom animated-active\" style=\"padding-top:0px;padding-bottom:0px\" id=\"wpv-column-850caf72189f0f4da770afd71203aef5\" ><div class=\"row\"><div class=\"wpv-grid grid-1-1  first unextended\" style=\"padding-top:0px;padding-bottom:0px\" id=\"wpv-column-c68e9ad36f94f280e1ed893c1e4cb6fc\" ><div class=\"services clearfix fullimage has-image has-icon no-button\" style=\"text-align:left;\">\r\n\t<div class=\"services-inside\">\r\n\t\t\t\t\t\t\t\t\t<div class=\"thumbnail\">\r\n\t\t\t\t\t\t\t\t\t\t\t\t\t\t\t\t\t\t<img width=\"54\" height=\"55\" src=\"https:\/\/roaruiz.com\/wp-content\/uploads\/2013\/03\/derechocivil-web2.png\" class=\"attachment-full size-full\" alt=\"Derecho Civil\" loading=\"lazy\" \/>\t\t\t\t\t\t\t\t\t\t\t\t\t\t\t<\/div>\r\n\t\t\t\t\t\t\t\t\t<div class=\"sep-2\"><\/div>\r\n\t\t\t\t\t\t\t\t\t\t\t\t\t\t<h4 class=\"services-title\">\r\n\t\t\t\t\t\t\t\t\tCivil Law\t\t\t\t\t\t\t<\/h4>\r\n\t\t\t\t\t\t\t<div class=\"services-content\">\n<p class=\"p1\"><span class=\"s1\">- Wills and inheritances.<br \/>\n- Debt claim.<br \/>\n- Obligations and contracts.<br \/>\n- Balearic Foral Law.<\/span><\/div>\r\n\t\t\t\t\t<\/div>\r\n<\/div>\r\n<\/div><\/div><\/div>\n<div class=\"wpv-grid grid-1-3  wpv-first-level unextended animation-from-bottom animated-active\" style=\"padding-top:0px;padding-bottom:0px\" id=\"wpv-column-bb2e489052b11c67bbcb299db4cd3d10\" ><div class=\"row\"><div class=\"wpv-grid grid-1-1  first unextended\" style=\"padding-top:0px;padding-bottom:0px\" id=\"wpv-column-98323ff87e4e7cd5b8d50c6ed95313f3\" ><div class=\"services clearfix fullimage has-image has-icon no-button\" style=\"text-align:left;\">\r\n\t<div class=\"services-inside\">\r\n\t\t\t\t\t\t\t\t\t<div class=\"thumbnail\">\r\n\t\t\t\t\t\t\t\t\t\t\t\t\t\t\t\t\t\t<img width=\"55\" height=\"55\" src=\"https:\/\/roaruiz.com\/wp-content\/uploads\/2013\/03\/Derecho-Laboral.png\" class=\"attachment-full size-full\" alt=\"Derecho Laboral\" loading=\"lazy\" \/>\t\t\t\t\t\t\t\t\t\t\t\t\t\t\t<\/div>\r\n\t\t\t\t\t\t\t\t\t<div class=\"sep-2\"><\/div>\r\n\t\t\t\t\t\t\t\t\t\t\t\t\t\t<h4 class=\"services-title\">\r\n\t\t\t\t\t\t\t\t\tLabor Law\t\t\t\t\t\t\t<\/h4>\r\n\t\t\t\t\t\t\t<div class=\"services-content\">\n<p class=\"p1\"><span class=\"s1\">- Claims for dismissal.<br \/>\n- Claims for quantity.<br \/>\n- Drafting of dismissal letters, sanctions, etc.<br \/>\n- Challenge of resolutions of social security, labor inspection, etc.<br \/>\n<\/span><\/div>\r\n\t\t\t\t\t<\/div>\r\n<\/div>\r\n<\/div><\/div><\/div><\/div>\n<div class=\"row\"><div class=\"wpv-grid grid-1-3  wpv-first-level first unextended animation-from-bottom animated-active\" style=\"padding-top:0px;padding-bottom:0px\" id=\"wpv-column-591c4f58be4e6ed9922898980e1ff20a\" ><div class=\"row\"><div class=\"wpv-grid grid-1-1  first unextended\" style=\"padding-top:0px;padding-bottom:0px\" id=\"wpv-column-12163f0f9d3a79146a838a721c77cd47\" ><div class=\"services clearfix fullimage has-image has-icon no-button\" style=\"text-align:left;\">\r\n\t<div class=\"services-inside\">\r\n\t\t\t\t\t\t\t\t\t<div class=\"thumbnail\">\r\n\t\t\t\t\t\t\t\t\t\t\t\t\t\t\t\t\t\t<img src=\"https:\/\/lawyers-attorneys.vamtam.com\/wp-content\/uploads\/2014\/09\/icon-2.png\" alt=\"\" \/>\t\t\t\t\t\t\t\t\t\t\t\t\t\t\t<\/div>\r\n\t\t\t\t\t\t\t\t\t<div class=\"sep-2\"><\/div>\r\n\t\t\t\t\t\t\t\t\t\t\t\t\t\t<h4 class=\"services-title\">\r\n\t\t\t\t\t\t\t\t\tCommercial Law\t\t\t\t\t\t\t<\/h4>\r\n\t\t\t\t\t\t\t<div class=\"services-content\">\n<p class=\"p1\"><span class=\"s1\">- Constitution of mercantile companies.<br \/>\n- Buying and selling of shares and participations.<br \/>\n- Convocation and attendance at Member Meetings.<br \/>\n<\/span><\/div>\r\n\t\t\t\t\t<\/div>\r\n<\/div>\r\n<\/div><\/div><\/div>\n<div class=\"wpv-grid grid-1-3  wpv-first-level unextended animation-from-bottom animated-active\" style=\"padding-top:0px;padding-bottom:0px\" id=\"wpv-column-d099f06489ebc842c611deefbcae7ab4\" ><div class=\"row\"><div class=\"wpv-grid grid-1-1  first unextended\" style=\"padding-top:0px;padding-bottom:0px\" id=\"wpv-column-a805ecac99a5647da2b22c54f563245d\" ><div class=\"services clearfix fullimage has-image has-icon no-button\" style=\"text-align:left;\">\r\n\t<div class=\"services-inside\">\r\n\t\t\t\t\t\t\t\t\t<div class=\"thumbnail\">\r\n\t\t\t\t\t\t\t\t\t\t\t\t\t\t\t\t\t\t<img width=\"55\" height=\"55\" src=\"https:\/\/roaruiz.com\/wp-content\/uploads\/2018\/03\/Derecho-Bancario-e1522044232342.png\" class=\"attachment-full size-full\" alt=\"Derecho Bancario\" loading=\"lazy\" \/>\t\t\t\t\t\t\t\t\t\t\t\t\t\t\t<\/div>\r\n\t\t\t\t\t\t\t\t\t<div class=\"sep-2\"><\/div>\r\n\t\t\t\t\t\t\t\t\t\t\t\t\t\t<h4 class=\"services-title\">\r\n\t\t\t\t\t\t\t\t\tBanking Law\t\t\t\t\t\t\t<\/h4>\r\n\t\t\t\t\t\t\t<div class=\"services-content\">\n<p>- Floor clause.<br \/>\n- IRPH.<br \/>\n- Multicurrency.<br \/>\n- Mortgage formalization expenses.<\/span><\/div>\r\n\t\t\t\t\t<\/div>\r\n<\/div>\r\n<\/div><\/div><\/div>\n<div class=\"wpv-grid grid-1-3  wpv-first-level unextended animation-from-bottom animated-active\" style=\"padding-top:0px;padding-bottom:0px\" id=\"wpv-column-16e13b788c352d916dcecec1576d8231\" ><div class=\"row\"><div class=\"wpv-grid grid-1-1  first unextended\" style=\"padding-top:0px;padding-bottom:0px\" id=\"wpv-column-bebf0b4756243fa7094a75fb42641222\" ><div class=\"services clearfix fullimage has-image has-icon no-button\" style=\"text-align:left;\">\r\n\t<div class=\"services-inside\">\r\n\t\t\t\t\t\t\t\t\t<div class=\"thumbnail\">\r\n\t\t\t\t\t\t\t\t\t\t\t\t\t\t\t\t\t\t<img src=\"https:\/\/lawyers-attorneys.vamtam.com\/wp-content\/uploads\/2014\/09\/icon-4.png\" alt=\"\" \/>\t\t\t\t\t\t\t\t\t\t\t\t\t\t\t<\/div>\r\n\t\t\t\t\t\t\t\t\t<div class=\"sep-2\"><\/div>\r\n\t\t\t\t\t\t\t\t\t\t\t\t\t\t<h4 class=\"services-title\">\r\n\t\t\t\t\t\t\t\t\tCivil and Commercial Mediation\t\t\t\t\t\t\t<\/h4>\r\n\t\t\t\t\t\t\t<div class=\"services-content\">\n<p class=\"p1\" style=\"text-align: justify;\"><span class=\"s1\">Alternative way of conflict resolution where, with the intervention of a neutral and impartial professional who facilitates dialogue between the parties, they adopt their own agreements allowing the subsequent maintenance of relationships and final control over their conflict.<\/span><\/div>\r\n\t\t\t\t\t<\/div>\r\n<\/div>\r\n<\/div><\/div><\/div><\/div>\n<div class=\"push\" style='height:50px'><\/div>\n<div class=\"row\"><div class=\"wpv-grid grid-1-1  wpv-first-level first unextended animation-fade-in animated-active\" style=\"padding-top:0px;padding-bottom:0px\" id=\"wpv-column-9dd8dff0ca3f841526d2292430611ff1\" >\t\t<h2 class=\"text-divider-double\">\t\t\t\n\t\t<\/h2>\t\t<div class=\"sep\"><\/div>\t<\/div><\/div>","protected":false},"excerpt":{"rendered":"","protected":false},"author":1,"featured_media":0,"parent":0,"menu_order":0,"comment_status":"closed","ping_status":"closed","template":"","meta":[],"yoast_head":"<!-- This site is optimized with the Yoast SEO plugin v16.6.1 - https:\/\/yoast.com\/wordpress\/plugins\/seo\/ -->\n<title>Roa Ruiz Abogados. \u00c1reas. M\u00e1s de 30 a\u00f1os de experiencia en Ibiza<\/title>\n<meta name=\"description\" content=\"Firma de abogados fundada en 1983 en la isla de Ibiza. M\u00e1s de 30 a\u00f1os de experiencia nos avalan. Contacte con nosotros sin compromiso. 971300162\" \/>\n<meta name=\"robots\" content=\"index, follow, max-snippet:-1, max-image-preview:large, max-video-preview:-1\" \/>\n<link rel=\"canonical\" href=\"https:\/\/roaruiz.com\/en\/areas-de-practica\/\" \/>\n<meta property=\"og:locale\" content=\"en_GB\" \/>\n<meta property=\"og:type\" content=\"article\" \/>\n<meta property=\"og:title\" content=\"Roa Ruiz Abogados. \u00c1reas. M\u00e1s de 30 a\u00f1os de experiencia en Ibiza\" \/>\n<meta property=\"og:description\" content=\"Firma de abogados fundada en 1983 en la isla de Ibiza. M\u00e1s de 30 a\u00f1os de experiencia nos avalan. Contacte con nosotros sin compromiso. 971300162\" \/>\n<meta property=\"og:url\" content=\"https:\/\/roaruiz.com\/en\/areas-de-practica\/\" \/>\n<meta property=\"og:site_name\" content=\"Roa Ruiz Abogados Ibiza\" \/>\n<meta property=\"article:modified_time\" content=\"2018-04-17T08:04:53+00:00\" \/>\n<meta name=\"twitter:card\" content=\"summary\" \/>\n<meta name=\"twitter:label1\" content=\"Estimated reading time\" \/>\n\t<meta name=\"twitter:data1\" content=\"4 minutes\" \/>\n<script type=\"application\/ld+json\" class=\"yoast-schema-graph\">{\"@context\":\"https:\/\/schema.org\",\"@graph\":[{\"@type\":\"WebSite\",\"@id\":\"https:\/\/roaruiz.com\/#website\",\"url\":\"https:\/\/roaruiz.com\/\",\"name\":\"Roa Ruiz Abogados Ibiza\",\"description\":\"\",\"potentialAction\":[{\"@type\":\"SearchAction\",\"target\":{\"@type\":\"EntryPoint\",\"urlTemplate\":\"https:\/\/roaruiz.com\/?s={search_term_string}\"},\"query-input\":\"required name=search_term_string\"}],\"inLanguage\":\"en-GB\"},{\"@type\":\"WebPage\",\"@id\":\"https:\/\/roaruiz.com\/areas-de-practica\/#webpage\",\"url\":\"https:\/\/roaruiz.com\/areas-de-practica\/\",\"name\":\"Roa Ruiz Abogados. \\u00c1reas. M\\u00e1s de 30 a\\u00f1os de experiencia en Ibiza\",\"isPartOf\":{\"@id\":\"https:\/\/roaruiz.com\/#website\"},\"datePublished\":\"2014-07-04T10:06:07+00:00\",\"dateModified\":\"2018-04-17T08:04:53+00:00\",\"description\":\"Firma de abogados fundada en 1983 en la isla de Ibiza. M\\u00e1s de 30 a\\u00f1os de experiencia nos avalan. Contacte con nosotros sin compromiso. 971300162\",\"breadcrumb\":{\"@id\":\"https:\/\/roaruiz.com\/areas-de-practica\/#breadcrumb\"},\"inLanguage\":\"en-GB\",\"potentialAction\":[{\"@type\":\"ReadAction\",\"target\":[\"https:\/\/roaruiz.com\/areas-de-practica\/\"]}]},{\"@type\":\"BreadcrumbList\",\"@id\":\"https:\/\/roaruiz.com\/areas-de-practica\/#breadcrumb\",\"itemListElement\":[{\"@type\":\"ListItem\",\"position\":1,\"name\":\"Portada\",\"item\":\"https:\/\/roaruiz.com\/\"},{\"@type\":\"ListItem\",\"position\":2,\"name\":\"\\u00c1reas de pr\\u00e1ctica\"}]}]}<\/script>\n<!-- \/ Yoast SEO plugin. -->","_links":{"self":[{"href":"https:\/\/roaruiz.com\/en\/wp-json\/wp\/v2\/pages\/7956"}],"collection":[{"href":"https:\/\/roaruiz.com\/en\/wp-json\/wp\/v2\/pages"}],"about":[{"href":"https:\/\/roaruiz.com\/en\/wp-json\/wp\/v2\/types\/page"}],"author":[{"embeddable":true,"href":"https:\/\/roaruiz.com\/en\/wp-json\/wp\/v2\/users\/1"}],"replies":[{"embeddable":true,"href":"https:\/\/roaruiz.com\/en\/wp-json\/wp\/v2\/comments?post=7956"}],"version-history":[{"count":23,"href":"https:\/\/roaruiz.com\/en\/wp-json\/wp\/v2\/pages\/7956\/revisions"}],"predecessor-version":[{"id":9939,"href":"https:\/\/roaruiz.com\/en\/wp-json\/wp\/v2\/pages\/7956\/revisions\/9939"}],"wp:attachment":[{"href":"https:\/\/roaruiz.com\/en\/wp-json\/wp\/v2\/media?parent=7956"}],"curies":[{"name":"wp","href":"https:\/\/api.w.org\/{rel}","templated":true}]}}